{"id":58567,"date":"2023-02-26T08:19:09","date_gmt":"2023-02-26T08:19:09","guid":{"rendered":"https:\/\/skrivanekdtp.com\/?page_id=58567"},"modified":"2025-03-17T13:51:11","modified_gmt":"2025-03-17T13:51:11","slug":"co-delame","status":"publish","type":"page","link":"https:\/\/dev.skrivanekdtp.com\/cs\/co-delame\/","title":{"rendered":"Portfolio"},"content":{"rendered":"<div id=\"pl-58567\"  class=\"panel-layout\" ><div id=\"pg-58567-0\"  class=\"panel-grid panel-has-style\" ><div class=\"siteorigin-panels-stretch panel-row-padding-none panel-row-style panel-row-style-for-58567-0\" data-stretch-type=\"full\" ><div id=\"pgc-58567-0-0\"  class=\"panel-grid-cell\" ><div id=\"panel-58567-0-0-0\" class=\"so-panel widget widget_wpa9-card-l panel-first-child panel-last-child\" data-index=\"0\" ><div\n\t\t\t\n\t\t\tclass=\"so-widget-wpa9-card-l so-widget-wpa9-card-l-default-c93e1481a745-58567\"\n\t\t\t\n\t\t>\n\n<div class=\"wpa9-card wpa9-card-l-container d-flex flex-wrap wpa9-columns-2\">\n\n\t\n\t\t\n\t<div class=\"wpa9-card-l-panel wpa9-panel shadow rounded d-flex flex-column justify-content-between\">\n\n\t\t<div>\n\t\t\t\t\t\t\t<span class=\"wpa9-panel-icon icon\" style=\"display: none; background-image: url('https:\/\/dev.skrivanekdtp.com\/wp-content\/uploads\/2023\/06\/ico-certifikovana-spolecnost.svg')\"><\/span>\n\t\t\t<span class=\"wpa9-panel-icon icon\" style=\"mask-image: url(https:\/\/dev.skrivanekdtp.com\/wp-content\/uploads\/2023\/06\/ico-certifikovana-spolecnost.svg); -webkit-mask-image: url(https:\/\/dev.skrivanekdtp.com\/wp-content\/uploads\/2023\/06\/ico-certifikovana-spolecnost.svg);\"><\/span>\n\t\t\n\t\t\t\t\t\t\t\t<h2 class=\"wpa9-panel-title\">Pro\u010d si vybrat profesion\u00e1ln\u00ed DTP?<\/h2>\n\t\t\n\t\t\t\t\t\t\t<div class=\"wpa9-panel-content\"><p>\u00da\u010delem \u0161pi\u010dkov\u00e9ho DTP je<strong>\u00a0zv\u00fd\u0161it \u00fa\u010dinek a \u00fasp\u011b\u0161nost va\u0161\u00ed komunikace<\/strong>. Let\u00e1ky, bro\u017eury, p\u0159\u00edru\u010dky, katalogy, newslettery \u2013 to v\u0161e zvl\u00e1dneme. Ne\u017e abyste na v\u00fdrobu komunika\u010dn\u00edch n\u00e1stroj\u016f v\u011bnovali \u010das vlastn\u00edch zam\u011bstnanc\u016f, rad\u011bji se obra\u0165te na profesion\u00e1ly, kte\u0159\u00ed v\u00e1m zaru\u010d\u00ed, \u017ee v\u00fdsledky budou vynikaj\u00edc\u00ed a n\u00e1kladov\u011b efektivn\u00ed.<\/p>\n<\/div>\n\t\t\t\t<\/div>\n\n\t\t\t\t<div class=\"meta meta-buttons d-flex flex-column flex-sm-row justify-content-center\">\n\t\t\t\t\t\t\t<a class=\"btn btn-negative \" href=\"https:\/\/skrivanekdtp.com\/cs\/poptavka\/\" title=\"Chci cenovou nab\u00eddku DTP slu\u017eeb\">Chci cenovou nab\u00eddku DTP slu\u017eeb<\/a>\n\t\t\t\t<\/div>\n\t\t\n\t<\/div>\n\n\t\t\n\t<div class=\"wpa9-card-l-panel wpa9-panel shadow rounded d-flex flex-column justify-content-between\">\n\n\t\t<div>\n\t\t\t\t\t\t\t<span class=\"wpa9-panel-icon icon\" style=\"display: none; background-image: url('https:\/\/dev.skrivanekdtp.com\/wp-content\/uploads\/2023\/06\/ico-seznam.svg')\"><\/span>\n\t\t\t<span class=\"wpa9-panel-icon icon\" style=\"mask-image: url(https:\/\/dev.skrivanekdtp.com\/wp-content\/uploads\/2023\/06\/ico-seznam.svg); -webkit-mask-image: url(https:\/\/dev.skrivanekdtp.com\/wp-content\/uploads\/2023\/06\/ico-seznam.svg);\"><\/span>\n\t\t\n\t\t\t\t\t\t\t\t<h2 class=\"wpa9-panel-title\">Zaru\u010dujeme<\/h2>\n\t\t\n\t\t\t\t\t\t\t<div class=\"wpa9-panel-content\"><ul>\n<li>Zku\u0161en\u00e9 projektov\u00e9 konzultace a \u0159e\u0161en\u00ed probl\u00e9m\u016f<\/li>\n<li>Copywriting, precizn\u00ed korektury a form\u00e1tov\u00e1n\u00ed<\/li>\n<li>Um\u011bleck\u00fd n\u00e1vrh layoutu a replikace grafiky<\/li>\n<li>Podp\u016frn\u00fd z\u00e1kaznick\u00fd servis od za\u010d\u00e1tku a\u017e do konce<\/li>\n<li>Dodr\u017een\u00ed sl\u00edben\u00e9ho rozpo\u010dtu a term\u00ednu<\/li>\n<\/ul>\n<p>Profesion\u00e1lov\u00e9 v DTP studiu spole\u010dnosti Sk\u0159iv\u00e1nek budou <strong>pozorn\u011b naslouchat va\u0161im projektov\u00fdm c\u00edl\u016fm a z\u00e1m\u011br\u016fm<\/strong> a pou\u017eij\u00ed prost\u0159edky, kter\u00e9 zaru\u010d\u00ed, \u017ee v\u00fdsledn\u00fd produkt spln\u00ed va\u0161e p\u0159edstavy.<\/p>\n<\/div>\n\t\t\t\t<\/div>\n\n\t\t\n\t<\/div>\n\n\t\t\n\t<div class=\"wpa9-card-l-panel wpa9-panel shadow rounded d-flex flex-column justify-content-between\">\n\n\t\t<div>\n\t\t\t\t\t\t\t<span class=\"wpa9-panel-icon icon\" style=\"display: none; background-image: url('https:\/\/dev.skrivanekdtp.com\/wp-content\/uploads\/2023\/06\/ico-nmt.svg')\"><\/span>\n\t\t\t<span class=\"wpa9-panel-icon icon\" style=\"mask-image: url(https:\/\/dev.skrivanekdtp.com\/wp-content\/uploads\/2023\/06\/ico-nmt.svg); -webkit-mask-image: url(https:\/\/dev.skrivanekdtp.com\/wp-content\/uploads\/2023\/06\/ico-nmt.svg);\"><\/span>\n\t\t\n\t\t\t\t\t\t\t\t<h2 class=\"wpa9-panel-title\">Podporovan\u00fd software<\/h2>\n\t\t\n\t\t\t\t\t\t\t<div class=\"wpa9-panel-content\"><p>Pracujeme mimo jin\u00e9 s t\u00edmto softwarem:<\/p>\n<div class=\"columns columns-3\" data-columns=\"3\">\n<div class=\"column column-1\">\n<div class=\"column column-1\">\n<ul>\n<li>Adobe Acrobat<\/li>\n<li>Adobe FrameMaker<\/li>\n<li>Adobe Indesign<\/li>\n<li>AutoCad<\/li>\n<\/ul>\n<\/div>\n<div class=\"column column-2\"><\/div>\n<div class=\"column column-3\">\n<p>&nbsp;<\/p>\n<\/div>\n<\/div>\n<div class=\"column column-2\">\n<ul>\n<li>Adobe Photoshop<\/li>\n<li>Adobe Illustrator<\/li>\n<li>MS Word<\/li>\n<li>MS Powerpoint<\/li>\n<\/ul>\n<\/div>\n<div class=\"column column-3\">\n<ul>\n<li>MS Excel<\/li>\n<li>MS Publisher<\/li>\n<li>MS Visio<\/li>\n<li>Open Office<\/li>\n<li>a mnoho dal\u0161\u00edch...<\/li>\n<\/ul>\n<\/div>\n<\/div>\n<\/div>\n\t\t\t\t<\/div>\n\n\t\t\n\t<\/div>\n\n\t\t\n\t<div class=\"wpa9-card-l-panel wpa9-panel shadow rounded d-flex flex-column justify-content-between\">\n\n\t\t<div>\n\t\t\t\t\t\t\t<span class=\"wpa9-panel-icon icon\" style=\"display: none; background-image: url('https:\/\/dev.skrivanekdtp.com\/wp-content\/uploads\/2023\/06\/ico-zkusenosti.svg')\"><\/span>\n\t\t\t<span class=\"wpa9-panel-icon icon\" style=\"mask-image: url(https:\/\/dev.skrivanekdtp.com\/wp-content\/uploads\/2023\/06\/ico-zkusenosti.svg); -webkit-mask-image: url(https:\/\/dev.skrivanekdtp.com\/wp-content\/uploads\/2023\/06\/ico-zkusenosti.svg);\"><\/span>\n\t\t\n\t\t\t\t\t\t\t\t<h2 class=\"wpa9-panel-title\">Cokoli pot\u0159ebujete<\/h2>\n\t\t\n\t\t\t\t\t\t\t<div class=\"wpa9-panel-content\"><p>Na\u0161e schopnosti zahrnuj\u00ed \u0161irokou \u0161k\u00e1lu projekt\u016f, v\u010detn\u011b bro\u017eur, produktov\u00fdch pr\u016fvodc\u016f, informa\u010dn\u00edch bro\u017eur, podnikov\u00fdch \u010dasopis\u016f a podrobn\u00e9 dokumentace. Vyu\u017eit\u00edm nejnov\u011bj\u0161\u00ed technologie a na\u0161ich zku\u0161en\u00fdch DTP talent\u016f m\u016f\u017eeme uv\u00e9st va\u0161e n\u00e1pady do \u017eivota a\u00a0poskytnout vynikaj\u00edc\u00ed v\u00fdsledky v r\u016fzn\u00fdch ti\u0161t\u011bn\u00fdch a digit\u00e1ln\u00edch form\u00e1tech.<\/p>\n<\/div>\n\t\t\t\t<\/div>\n\n\t\t\n\t<\/div>\n\n\t\t\n\t\n<\/div>\n<\/div><\/div><\/div><\/div><\/div><div id=\"pg-58567-1\"  class=\"panel-grid panel-has-style\" ><div class=\"siteorigin-panels-stretch panel-row-padding-none panel-row-style panel-row-style-for-58567-1\" data-stretch-type=\"full\" ><div id=\"pgc-58567-1-0\"  class=\"panel-grid-cell\" ><div id=\"panel-58567-1-0-0\" class=\"so-panel widget widget_wpa9-editor-ext panel-first-child panel-last-child\" data-index=\"1\" ><div\n\t\t\t\n\t\t\tclass=\"so-widget-wpa9-editor-ext so-widget-wpa9-editor-ext-default-c93e1481a745-58567\"\n\t\t\t\n\t\t>\n<div class=\"siteorigin-widget-tinymce textwidget\">\n\t<h3>\u0158e\u0161en\u00ed probl\u00e9m\u016f u speci\u00e1ln\u00edch soubor\u016f<\/h3>\n<p>Pokud v\u00e1\u0161 obsah zahrnuje soubory, kter\u00e9 nelze upravovat pomoc\u00ed na\u0161eho softwaru, na\u0161i specialist\u00e9 najdou \u0159e\u0161en\u00ed, jak jej zpracovat, upravit a naform\u00e1tovat s grafikou, kterou pot\u0159ebujete. <strong>Mezi neupraviteln\u00e9 soubory pat\u0159\u00ed:<\/strong><\/p>\n<ul>\n<li>Soubory PDF<\/li>\n<li>Grafy a tabulky<\/li>\n<li>Technick\u00fd a in\u017een\u00fdrsk\u00fd obsah<\/li>\n<li>Text vlo\u017een\u00fd do grafiky<\/li>\n<li>Naskenovan\u00fd materi\u00e1l<\/li>\n<\/ul>\n<p>Vyjmut\u00ed obsahu z neupraviteln\u00fdch soubor\u016f a vytvo\u0159en\u00ed soubor\u016f, kter\u00e9 lze upravovat a zdokonalovat, zabere v\u00edce \u010dasu, ale lze to prov\u00e9st.\u00a0<strong>K transformaci neupraviteln\u00fdch soubor\u016f na upraviteln\u00e9 pou\u017e\u00edv\u00e1me software pro optick\u00e9 rozpozn\u00e1v\u00e1n\u00ed znak\u016f (OCR).<\/strong>\u00a0Rozvr\u017een\u00ed, form\u00e1tov\u00e1n\u00ed a grafiku pak znovu vytvo\u0159\u00ed na\u0161i specialist\u00e9 na DTP, aby byly v\u00fdsledn\u00e9 produkty skute\u010dn\u011b vynikaj\u00edc\u00ed.<\/p>\n<p>Sk\u0159iv\u00e1nek nab\u00edz\u00ed glob\u00e1ln\u00ed DTP studio se zdroji, kter\u00e9 v\u00e1m pomohou roz\u0161\u00ed\u0159it a expandovat doma nebo v zahrani\u010d\u00ed, pokud se to stane sou\u010d\u00e1st\u00ed strategick\u00e9ho pl\u00e1nu va\u0161\u00ed spole\u010dnosti. M\u00e1me specializovan\u00e9 multimedi\u00e1ln\u00ed odd\u011blen\u00ed, \u0161irokou \u0161k\u00e1lu jazykov\u00fdch odborn\u00edk\u016f a\u00a0<strong>45 pobo\u010dek v 17 zem\u00edch<\/strong>. Partnerstv\u00ed se spole\u010dnost\u00ed Sk\u0159iv\u00e1nek je krokem k\u00a0<strong>budouc\u00edmu \u00fasp\u011bchu<\/strong>.<\/p>\n<\/div>\n<\/div><\/div><\/div><\/div><\/div><div id=\"pg-58567-2\"  class=\"panel-grid panel-has-style\" ><div class=\"panel-row-padding-none panel-row-style panel-row-style-for-58567-2\" ><div id=\"pgc-58567-2-0\"  class=\"panel-grid-cell\" ><div id=\"panel-58567-2-0-0\" class=\"so-panel widget widget_wpa9-steps panel-first-child panel-last-child\" data-index=\"2\" ><div\n\t\t\t\n\t\t\tclass=\"so-widget-wpa9-steps so-widget-wpa9-steps-default-c93e1481a745-58567\"\n\t\t\t\n\t\t><h3 class=\"widget-title\">Zp\u016fsob na\u0161\u00ed pr\u00e1ce<\/h3><div class=\"wpa9-steps\">\n\t<div class=\"wpa9-steps-togglers d-flex flex-wrap justify-content-center\" data-wpa9-interval=\"7000\">\n\t\t\t\n\t\t<div class=\"wpa9-steps-toggler-wrapper wpa9-steps-active\" id=\"wpa9-steps-toggler-panel-0\">\n\t\t\t<div class=\"wpa9-steps-toggler f-headlines d-flex align-items-center justify-content-center\" data-content=\"panel-0\" role=\"button\">\n\t\t\t\t\t\t\t\t<span class=\"wpa9-step-title\">\u00davodn\u00ed konzultace ohledn\u011b va\u0161ich pot\u0159eb<\/span>\n\t\t\t\t\t\t\t<\/div>\n\t\t\t<div class=\"wpa9-steps-decoration\"><\/div>\n\t\t<\/div>\n\t\t<div class=\"wpa9-steps-content wpa9-steps-active\" role=\"region\" id=\"wpa9-steps-content-panel-0\">\n\t\t\t\t\t<\/div>\n\t\t<div class=\"wpa9-steps-hyphen hyphen-visible\"><\/div>\t\t\t\n\t\t<div class=\"wpa9-steps-toggler-wrapper\" id=\"wpa9-steps-toggler-panel-1\">\n\t\t\t<div class=\"wpa9-steps-toggler f-headlines d-flex align-items-center justify-content-center\" data-content=\"panel-1\" role=\"button\">\n\t\t\t\t\t\t\t\t<span class=\"wpa9-step-title\">P\u0159id\u011blen\u00ed technick\u00e9ho, talentov\u00e9ho a projektov\u00e9ho mana\u017eera<\/span>\n\t\t\t\t\t\t\t<\/div>\n\t\t\t<div class=\"wpa9-steps-decoration\"><\/div>\n\t\t<\/div>\n\t\t<div class=\"wpa9-steps-content\" role=\"region\" id=\"wpa9-steps-content-panel-1\">\n\t\t\t\t\t<\/div>\n\t\t<div class=\"wpa9-steps-hyphen hyphen-visible\"><\/div>\t\t\t\n\t\t<div class=\"wpa9-steps-toggler-wrapper\" id=\"wpa9-steps-toggler-panel-2\">\n\t\t\t<div class=\"wpa9-steps-toggler f-headlines d-flex align-items-center justify-content-center\" data-content=\"panel-2\" role=\"button\">\n\t\t\t\t\t\t\t\t<span class=\"wpa9-step-title\">Produkty DTP p\u0159ipraven\u00e9 ke schv\u00e1len\u00ed<\/span>\n\t\t\t\t\t\t\t<\/div>\n\t\t\t<div class=\"wpa9-steps-decoration\"><\/div>\n\t\t<\/div>\n\t\t<div class=\"wpa9-steps-content\" role=\"region\" id=\"wpa9-steps-content-panel-2\">\n\t\t\t\t\t<\/div>\n\t\t<div class=\"wpa9-steps-hyphen hyphen-visible\"><\/div>\t\t\t\n\t\t<div class=\"wpa9-steps-toggler-wrapper\" id=\"wpa9-steps-toggler-panel-3\">\n\t\t\t<div class=\"wpa9-steps-toggler f-headlines d-flex align-items-center justify-content-center\" data-content=\"panel-3\" role=\"button\">\n\t\t\t\t\t\t\t\t<span class=\"wpa9-step-title\">Z\u00e1v\u011bre\u010dn\u00e9 \u00fapravy a proveden\u00ed zm\u011bn<\/span>\n\t\t\t\t\t\t\t<\/div>\n\t\t\t<div class=\"wpa9-steps-decoration\"><\/div>\n\t\t<\/div>\n\t\t<div class=\"wpa9-steps-content\" role=\"region\" id=\"wpa9-steps-content-panel-3\">\n\t\t\t\t\t<\/div>\n\t\t<div class=\"wpa9-steps-hyphen hyphen-visible\"><\/div>\t\t\t\n\t\t<div class=\"wpa9-steps-toggler-wrapper\" id=\"wpa9-steps-toggler-panel-4\">\n\t\t\t<div class=\"wpa9-steps-toggler f-headlines d-flex align-items-center justify-content-center\" data-content=\"panel-4\" role=\"button\">\n\t\t\t\t\t\t\t\t<span class=\"wpa9-step-title\">Dod\u00e1n\u00ed kone\u010dn\u00fdch produkt\u016f<\/span>\n\t\t\t\t\t\t\t<\/div>\n\t\t\t<div class=\"wpa9-steps-decoration\"><\/div>\n\t\t<\/div>\n\t\t<div class=\"wpa9-steps-content\" role=\"region\" id=\"wpa9-steps-content-panel-4\">\n\t\t\t\t\t<\/div>\n\t\t\t\t<\/div>\n\t<div class=\"wpa9-steps-contents-wrapper\">\n\t\t\t\t\t<div class=\"wpa9-steps-content _step_5_1 wpa9-steps-active\" role=\"region\" id=\"wpa9-steps-content-panel-0\">\n\t\t\t\t\t<\/div>\n\t\t\t\t\t<div class=\"wpa9-steps-content _step_5_2\" role=\"region\" id=\"wpa9-steps-content-panel-1\">\n\t\t\t\t\t<\/div>\n\t\t\t\t\t<div class=\"wpa9-steps-content _step_5_3\" role=\"region\" id=\"wpa9-steps-content-panel-2\">\n\t\t\t\t\t<\/div>\n\t\t\t\t\t<div class=\"wpa9-steps-content _step_5_4\" role=\"region\" id=\"wpa9-steps-content-panel-3\">\n\t\t\t\t\t<\/div>\n\t\t\t\t\t<div class=\"wpa9-steps-content _step_5_5\" role=\"region\" id=\"wpa9-steps-content-panel-4\">\n\t\t\t\t\t<\/div>\n\t\t<\/div>\n\t<\/div>\n<\/div><\/div><\/div><\/div><\/div><div id=\"pg-58567-3\"  class=\"panel-grid panel-has-style\" ><div class=\"siteorigin-panels-stretch panel-row-padding-none panel-row-style panel-row-style-for-58567-3\" data-stretch-type=\"full\" ><div id=\"pgc-58567-3-0\"  class=\"panel-grid-cell\" ><div id=\"panel-58567-3-0-0\" class=\"so-panel widget widget_wpa9-card-s panel-first-child panel-last-child\" data-index=\"3\" ><div\n\t\t\t\n\t\t\tclass=\"so-widget-wpa9-card-s so-widget-wpa9-card-s-default-c93e1481a745-58567\"\n\t\t\t\n\t\t><div class=\"wpa9-card wpa9-card-s wide positive\">\n\n\t<div class=\"wpa9-card-wrapper container\">\n\n\t\t<div class=\"wpa9-card-text\">\n\t\t\t<h2 class=\"wpa9-card-title\">Pot\u0159ebujete slu\u017eby DTP?<\/h2>\n\t\t\t<div class=\"wpa9-card-content\"><p style=\"text-align: center\">Kontaktujte n\u00e1s pro vynikaj\u00edc\u00ed produkty DTP a bezkonkuren\u010dn\u00ed z\u00e1kaznickou podporu a zjist\u011bte, jak v\u00e1m m\u016f\u017eeme pomoci vytvo\u0159it tu nejlep\u0161\u00ed mo\u017enou ti\u0161t\u011bnou komunikaci pro va\u0161e pot\u0159eby.<\/p>\n<\/div>\t\t<\/div>\n\n\t\t\t\t<div class=\"meta meta-buttons d-flex flex-row justify-content-center\">\n\t\t\t\t\t\t\t<a class=\"btn btn-negative \" href=\"https:\/\/skrivanekdtp.com\/cs\/poptavka\/\" title=\"M\u00e1m z\u00e1jem o DTP slu\u017eby\">M\u00e1m z\u00e1jem o DTP slu\u017eby<\/a>\n\t\t\t\t<\/div>\n\t\t\n\t<\/div>\n\n<\/div>\n<\/div><\/div><\/div><\/div><\/div><\/div>","protected":false},"excerpt":{"rendered":"<p>Pro\u010d si vybrat profesion\u00e1ln\u00ed DTP? \u00da\u010delem \u0161pi\u010dkov\u00e9ho DTP je\u00a0zv\u00fd\u0161it \u00fa\u010dinek a \u00fasp\u011b\u0161nost va\u0161\u00ed komunikace. Let\u00e1ky, bro\u017eury, p\u0159\u00edru\u010dky, katalogy, newslettery \u2013 to v\u0161e zvl\u00e1dneme. Ne\u017e abyste na v\u00fdrobu komunika\u010dn\u00edch n\u00e1stroj\u016f v\u011bnovali \u010das vlastn\u00edch zam\u011bstnanc\u016f, rad\u011bji se obra\u0165te na profesion\u00e1ly, kte\u0159\u00ed v\u00e1m zaru\u010d\u00ed, \u017ee v\u00fdsledky budou vynikaj\u00edc\u00ed a n\u00e1kladov\u011b efektivn\u00ed. Chci cenovou nab\u00eddku DTP slu\u017eeb Zaru\u010dujeme Zku\u0161en\u00e9 [&hellip;]<\/p>\n","protected":false},"author":4,"featured_media":0,"parent":0,"menu_order":0,"comment_status":"closed","ping_status":"closed","template":"","meta":{"_acf_changed":false,"footnotes":""},"class_list":["post-58567","page","type-page","status-publish","hentry"],"acf":[],"_links":{"self":[{"href":"https:\/\/dev.skrivanekdtp.com\/cs\/wp-json\/wp\/v2\/pages\/58567","targetHints":{"allow":["GET"]}}],"collection":[{"href":"https:\/\/dev.skrivanekdtp.com\/cs\/wp-json\/wp\/v2\/pages"}],"about":[{"href":"https:\/\/dev.skrivanekdtp.com\/cs\/wp-json\/wp\/v2\/types\/page"}],"author":[{"embeddable":true,"href":"https:\/\/dev.skrivanekdtp.com\/cs\/wp-json\/wp\/v2\/users\/4"}],"replies":[{"embeddable":true,"href":"https:\/\/dev.skrivanekdtp.com\/cs\/wp-json\/wp\/v2\/comments?post=58567"}],"version-history":[{"count":4,"href":"https:\/\/dev.skrivanekdtp.com\/cs\/wp-json\/wp\/v2\/pages\/58567\/revisions"}],"predecessor-version":[{"id":59571,"href":"https:\/\/dev.skrivanekdtp.com\/cs\/wp-json\/wp\/v2\/pages\/58567\/revisions\/59571"}],"wp:attachment":[{"href":"https:\/\/dev.skrivanekdtp.com\/cs\/wp-json\/wp\/v2\/media?parent=58567"}],"curies":[{"name":"wp","href":"https:\/\/api.w.org\/{rel}","templated":true}]}}