{"id":58628,"date":"2023-04-03T07:27:53","date_gmt":"2023-04-03T07:27:53","guid":{"rendered":"https:\/\/skrivanekdtp.com\/?page_id=58628"},"modified":"2025-03-17T11:17:42","modified_gmt":"2025-03-17T11:17:42","slug":"kontakt","status":"publish","type":"page","link":"https:\/\/dev.skrivanekdtp.com\/cs\/kontakt\/","title":{"rendered":"Kontakt"},"content":{"rendered":"<div id=\"pl-58628\"  class=\"panel-layout\" ><div id=\"pg-58628-0\"  class=\"panel-grid panel-has-style\" ><div class=\"siteorigin-panels-stretch panel-row-padding-none panel-row-style panel-row-style-for-58628-0\" data-stretch-type=\"full\" ><div id=\"pgc-58628-0-0\"  class=\"panel-grid-cell\" ><div id=\"panel-58628-0-0-0\" class=\"so-panel widget widget_gform_widget gform_widget panel-first-child panel-last-child\" data-index=\"0\" ><script type=\"text\/javascript\">\n\/* <![CDATA[ *\/\nvar gform;gform||(document.addEventListener(\"gform_main_scripts_loaded\",function(){gform.scriptsLoaded=!0}),document.addEventListener(\"gform\/theme\/scripts_loaded\",function(){gform.themeScriptsLoaded=!0}),window.addEventListener(\"DOMContentLoaded\",function(){gform.domLoaded=!0}),gform={domLoaded:!1,scriptsLoaded:!1,themeScriptsLoaded:!1,isFormEditor:()=>\"function\"==typeof InitializeEditor,callIfLoaded:function(o){return!(!gform.domLoaded||!gform.scriptsLoaded||!gform.themeScriptsLoaded&&!gform.isFormEditor()||(gform.isFormEditor()&&console.warn(\"The use of gform.initializeOnLoaded() is deprecated in the form editor context and will be removed in Gravity Forms 3.1.\"),o(),0))},initializeOnLoaded:function(o){gform.callIfLoaded(o)||(document.addEventListener(\"gform_main_scripts_loaded\",()=>{gform.scriptsLoaded=!0,gform.callIfLoaded(o)}),document.addEventListener(\"gform\/theme\/scripts_loaded\",()=>{gform.themeScriptsLoaded=!0,gform.callIfLoaded(o)}),window.addEventListener(\"DOMContentLoaded\",()=>{gform.domLoaded=!0,gform.callIfLoaded(o)}))},hooks:{action:{},filter:{}},addAction:function(o,r,e,t){gform.addHook(\"action\",o,r,e,t)},addFilter:function(o,r,e,t){gform.addHook(\"filter\",o,r,e,t)},doAction:function(o){gform.doHook(\"action\",o,arguments)},applyFilters:function(o){return gform.doHook(\"filter\",o,arguments)},removeAction:function(o,r){gform.removeHook(\"action\",o,r)},removeFilter:function(o,r,e){gform.removeHook(\"filter\",o,r,e)},addHook:function(o,r,e,t,n){null==gform.hooks[o][r]&&(gform.hooks[o][r]=[]);var d=gform.hooks[o][r];null==n&&(n=r+\"_\"+d.length),gform.hooks[o][r].push({tag:n,callable:e,priority:t=null==t?10:t})},doHook:function(r,o,e){var t;if(e=Array.prototype.slice.call(e,1),null!=gform.hooks[r][o]&&((o=gform.hooks[r][o]).sort(function(o,r){return o.priority-r.priority}),o.forEach(function(o){\"function\"!=typeof(t=o.callable)&&(t=window[t]),\"action\"==r?t.apply(null,e):e[0]=t.apply(null,e)})),\"filter\"==r)return e[0]},removeHook:function(o,r,t,n){var e;null!=gform.hooks[o][r]&&(e=(e=gform.hooks[o][r]).filter(function(o,r,e){return!!(null!=n&&n!=o.tag||null!=t&&t!=o.priority)}),gform.hooks[o][r]=e)}});\n\/* ]]> *\/\n<\/script>\n\n                <div class='gf_browser_gecko gform_wrapper gform_legacy_markup_wrapper gform-theme--no-framework inquiry-form_wrapper' data-form-theme='legacy' data-form-index='0' id='gform_wrapper_2' >\n                        <div class='gform_heading'>\n                            <h3 class=\"gform_title\">M\u00e1te dotazy? Napi\u0161te n\u00e1m!<\/h3>\n                        <\/div><form method='post' enctype='multipart\/form-data'  id='gform_2' class='inquiry-form' action='\/cs\/wp-json\/wp\/v2\/pages\/58628' data-formid='2' novalidate>\n                        <div class='gform-body gform_body'><\/fieldset><ul class=\"gform_fields top_label form_sublabel_below description_below validation_below\"><li id=\"field_2_1\" class=\"gfield gfield--type-text column-2-1 gfield_contains_required field_sublabel_below gfield--no-description field_description_below field_validation_below gfield_visibility_visible\"  ><label class='gfield_label gform-field-label' for='input_2_1'>Va\u0161e jm\u00e9no a p\u0159\u00edjmen\u00ed<span class=\"gfield_required\"><span class=\"gfield_required gfield_required_asterisk\">*<\/span><\/span><\/label><div class='ginput_container ginput_container_text'><input name='input_1' id='input_2_1' type='text' value='' class='medium'     aria-required=\"true\" aria-invalid=\"false\"   \/><\/div><\/li><li id=\"field_2_2\" class=\"gfield gfield--type-text gfield--width-full column-2-2 column-size-l field_sublabel_below gfield--no-description field_description_below field_validation_below gfield_visibility_visible\"  ><label class='gfield_label gform-field-label' for='input_2_2'>Spole\u010dnost<\/label><div class='ginput_container ginput_container_text'><input name='input_2' id='input_2_2' type='text' value='' class='medium'      aria-invalid=\"false\"   \/><\/div><\/li><li id=\"field_2_3\" class=\"gfield gfield--type-email column-2-1 column-size-l gfield_contains_required field_sublabel_below gfield--no-description field_description_below field_validation_below gfield_visibility_visible\"  ><label class='gfield_label gform-field-label' for='input_2_3'>E-mail<span class=\"gfield_required\"><span class=\"gfield_required gfield_required_asterisk\">*<\/span><\/span><\/label><div class='ginput_container ginput_container_email'>\n                            <input name='input_3' id='input_2_3' type='email' value='' class='medium'    aria-required=\"true\" aria-invalid=\"false\"  \/>\n                        <\/div><\/li><li id=\"field_2_20\" class=\"gfield gfield--type-phone gfield--width-full column-2-2 column-size-l gfield_contains_required field_sublabel_below gfield--no-description field_description_below field_validation_below gfield_visibility_visible\"  ><label class='gfield_label gform-field-label' for='input_2_20'>Telefonn\u00ed \u010d\u00edslo<span class=\"gfield_required\"><span class=\"gfield_required gfield_required_asterisk\">*<\/span><\/span><\/label><div class='ginput_container ginput_container_phone'><input name='input_20' id='input_2_20' type='tel' value='' class='medium'   aria-required=\"true\" aria-invalid=\"false\"   \/><\/div><\/li><li id=\"field_2_17\" class=\"gfield gfield--type-textarea gfield_contains_required field_sublabel_below gfield--no-description field_description_below field_validation_below gfield_visibility_visible\"  ><label class='gfield_label gform-field-label' for='input_2_17'>M\u00edsto pro v\u00e1\u0161 dotaz<span class=\"gfield_required\"><span class=\"gfield_required gfield_required_asterisk\">*<\/span><\/span><\/label><div class='ginput_container ginput_container_textarea'><textarea name='input_17' id='input_2_17' class='textarea medium'     aria-required=\"true\" aria-invalid=\"false\"   rows='10' cols='50'><\/textarea><\/div><\/li><li id=\"field_2_10\" class=\"gfield gfield--type-fileupload upload-file column-2-1 column-end column-size-l field_sublabel_below gfield--no-description field_description_below field_validation_below gfield_visibility_visible\"  ><label class='gfield_label gform-field-label' for='gform_browse_button_2_10'>Attach file<\/label><div class='ginput_container ginput_container_fileupload'><div id='gform_multifile_upload_2_10' data-settings='{&quot;runtimes&quot;:&quot;html5,flash,html4&quot;,&quot;browse_button&quot;:&quot;gform_browse_button_2_10&quot;,&quot;container&quot;:&quot;gform_multifile_upload_2_10&quot;,&quot;drop_element&quot;:&quot;gform_drag_drop_area_2_10&quot;,&quot;filelist&quot;:&quot;gform_preview_2_10&quot;,&quot;unique_names&quot;:true,&quot;file_data_name&quot;:&quot;file&quot;,&quot;url&quot;:&quot;https:\\\/\\\/dev.skrivanekdtp.com\\\/?gf_page=c31cb10ffd9b067&quot;,&quot;flash_swf_url&quot;:&quot;https:\\\/\\\/dev.skrivanekdtp.com\\\/wp-includes\\\/js\\\/plupload\\\/plupload.flash.swf&quot;,&quot;silverlight_xap_url&quot;:&quot;https:\\\/\\\/dev.skrivanekdtp.com\\\/wp-includes\\\/js\\\/plupload\\\/plupload.silverlight.xap&quot;,&quot;filters&quot;:{&quot;mime_types&quot;:[{&quot;title&quot;:&quot;Allowed Files&quot;,&quot;extensions&quot;:&quot;txt,rtf,odf,pdf,doc,docx,ppt,pptx,xls,xlsx,xml,zip&quot;}],&quot;max_file_size&quot;:&quot;33554432b&quot;},&quot;multipart&quot;:true,&quot;urlstream_upload&quot;:false,&quot;multipart_params&quot;:{&quot;form_id&quot;:2,&quot;field_id&quot;:10,&quot;_gform_file_upload_nonce_2_10&quot;:&quot;09d64d099c&quot;},&quot;gf_vars&quot;:{&quot;max_files&quot;:&quot;10&quot;,&quot;message_id&quot;:&quot;gform_multifile_messages_2_10&quot;,&quot;disallowed_extensions&quot;:[&quot;php&quot;,&quot;asp&quot;,&quot;aspx&quot;,&quot;cmd&quot;,&quot;csh&quot;,&quot;bat&quot;,&quot;html&quot;,&quot;htm&quot;,&quot;hta&quot;,&quot;jar&quot;,&quot;exe&quot;,&quot;com&quot;,&quot;js&quot;,&quot;lnk&quot;,&quot;htaccess&quot;,&quot;phar&quot;,&quot;phtml&quot;,&quot;ps1&quot;,&quot;ps2&quot;,&quot;php3&quot;,&quot;php4&quot;,&quot;php5&quot;,&quot;php6&quot;,&quot;py&quot;,&quot;rb&quot;,&quot;tmp&quot;]}}' class='gform_fileupload_multifile'>\n\t\t\t\t\t\t\t\t\t\t<div id='gform_drag_drop_area_2_10' class='gform_drop_area gform-theme-field-control'>\n\t\t\t\t\t\t\t\t\t\t\t<span class='gform_drop_instructions'>Drop files here or <\/span>\n\t\t\t\t\t\t\t\t\t\t\t<button type='button' id='gform_browse_button_2_10' class='button gform_button_select_files gform-theme-button gform-theme-button--control' aria-describedby=\"gfield_upload_rules_2_10\"  >Select files<\/button>\n\t\t\t\t\t\t\t\t\t\t<\/div>\n\t\t\t\t\t\t\t\t\t<\/div><span class='gfield_description gform_fileupload_rules' id='gfield_upload_rules_2_10'>Accepted file types: txt, rtf, odf, pdf, doc, docx, ppt, pptx, xls, xlsx, xml, zip, Max. file size: 32 MB, Max. files: 10.<\/span> <div id='gform_preview_2_10' class='ginput_preview_list'><\/div><\/div><\/li><li id=\"field_2_12\" class=\"gfield gfield--type-consent gfield--type-choice consent column-size-l gfield_contains_required field_sublabel_below gfield--has-description field_description_below field_validation_below gfield_visibility_visible\"  ><label class='gfield_label gform-field-label screen-reader-text gfield_label_before_complex' >Obchodn\u00ed podm\u00ednky spole\u010dnosti\nZpracov\u00e1n\u00ed a ochrana osobn\u00edch \u00fadaj\u016f<span class=\"gfield_required\"><span class=\"gfield_required gfield_required_asterisk\">*<\/span><\/span><\/label><div class='ginput_container ginput_container_consent'><input name='input_12.1' id='input_2_12_1' type='checkbox' value='1'  aria-describedby=\"gfield_consent_description_2_12\" aria-required=\"true\" aria-invalid=\"false\"   \/> <label class=\"gform-field-label gform-field-label--type-inline gfield_consent_label\" for='input_2_12_1' >Souhlas\u00edm s obchodn\u00edmi podm\u00ednkami spole\u010dnosti Sk\u0159iv\u00e1nek s.r.o. a zpracov\u00e1n\u00edm a ochranou osobn\u00edch \u00fadaj\u016f.<\/label><input type='hidden' name='input_12.2' value='Souhlas\u00edm s obchodn\u00edmi podm\u00ednkami spole\u010dnosti Sk\u0159iv\u00e1nek s.r.o. a zpracov\u00e1n\u00edm a ochranou osobn\u00edch \u00fadaj\u016f.' class='gform_hidden' \/><input type='hidden' name='input_12.3' value='8' class='gform_hidden' \/><\/div><div class='gfield_description gfield_consent_description' id='gfield_consent_description_2_12' tabindex='0'><a href=\"\/wp-content\/uploads\/2023\/07\/2023-06-12_VOP_DTP.pdf\" title=\"Obchodn\u00ed podm\u00ednky spole\u010dnosti\" target=\"_blank\">Obchodn\u00ed podm\u00ednky spole\u010dnosti<\/a><br \/>\n<a href=\"\/wp-content\/uploads\/2023\/07\/Zpracovani-osobnich-udaju.pdf\" title=\"Zpracov\u00e1n\u00ed a ochrana osobn\u00edch \u00fadaj\u016f\" target=\"_blank\">Zpracov\u00e1n\u00ed a ochrana osobn\u00edch \u00fadaj\u016f<\/a><\/div><\/li><li id=\"field_2_22\" class=\"gfield gfield--type-captcha gfield--width-full field_sublabel_below gfield--no-description field_description_below hidden_label field_validation_below gfield_visibility_visible\"  ><label class='gfield_label gform-field-label' for='input_2_22'>CAPTCHA<\/label><div id='input_2_22' class='ginput_container ginput_recaptcha' data-sitekey='6LcAo4clAAAAAI1Gb4DmdCD08lMy_chIvgF5u0NM'  data-theme='light' data-tabindex='0'  data-badge=''><\/div><\/li><\/ul><\/div>\n        <div class='gform-footer gform_footer top_label'> <input type='submit' id='gform_submit_button_2' class='gform_button button' onclick='gform.submission.handleButtonClick(this);' data-submission-type='submit' value='Odeslat'  \/> \n            <input type='hidden' class='gform_hidden' name='gform_submission_method' data-js='gform_submission_method_2' value='postback' \/>\n            <input type='hidden' class='gform_hidden' name='gform_theme' data-js='gform_theme_2' id='gform_theme_2' value='legacy' \/>\n            <input type='hidden' class='gform_hidden' name='gform_style_settings' data-js='gform_style_settings_2' id='gform_style_settings_2' value='' \/>\n            <input type='hidden' class='gform_hidden' name='is_submit_2' value='1' \/>\n            <input type='hidden' class='gform_hidden' name='gform_submit' value='2' \/>\n            \n            <input type='hidden' class='gform_hidden' name='gform_currency' data-currency='CZK' value='Dc6hON3rFKTwhouJ4vwMOoCfLflC3rIRLbhtgRt7+658AAe0eaCIxss05Lrp8nl4pvuFaZYZu7RfpLbLAL8tT8Je6lINXLhWf2jym8jsFMJtV+o=' \/>\n            <input type='hidden' class='gform_hidden' name='gform_unique_id' value='' \/>\n            <input type='hidden' class='gform_hidden' name='state_2' value='WyJ7XCIxMi4xXCI6XCI4NmExMDM4NDgwYmNjZjNhMTI4ODc2MzcyZmQxY2UxYVwiLFwiMTIuMlwiOlwiOGRkZWE0MWFmNjEwYTE1ZjE3ZDI5NzVkOTVhZjY1MTNcIixcIjEyLjNcIjpcImIwMzg1ZDk2OGE4OTBjODJkYWIwOTkyNTMyNzAwNDdhXCJ9IiwiZWFmZTRkOWViOTZjYTU5YzRlNzNhZmE3YTU1M2MxMGMiXQ==' \/>\n            <input type='hidden' autocomplete='off' class='gform_hidden' name='gform_target_page_number_2' id='gform_target_page_number_2' value='0' \/>\n            <input type='hidden' autocomplete='off' class='gform_hidden' name='gform_source_page_number_2' id='gform_source_page_number_2' value='1' \/>\n            <input type='hidden' name='gform_field_values' value='' \/>\n            <input type='hidden' name='gform_uploaded_files' id='gform_uploaded_files_2' value='' \/>\n        <\/div>\n                        <\/form>\n                        <\/div><script type=\"text\/javascript\">\n\/* <![CDATA[ *\/\n gform.initializeOnLoaded( function() {gformInitSpinner( 2, 'https:\/\/dev.skrivanekdtp.com\/wp-content\/plugins\/gravityforms\/images\/spinner.svg', true );jQuery('#gform_ajax_frame_2').on('load',function(){var contents = jQuery(this).contents().find('*').html();var is_postback = contents.indexOf('GF_AJAX_POSTBACK') >= 0;if(!is_postback){return;}var form_content = jQuery(this).contents().find('#gform_wrapper_2');var is_confirmation = jQuery(this).contents().find('#gform_confirmation_wrapper_2').length > 0;var is_redirect = contents.indexOf('gformRedirect(){') >= 0;var is_form = form_content.length > 0 && ! is_redirect && ! is_confirmation;var mt = parseInt(jQuery('html').css('margin-top'), 10) + parseInt(jQuery('body').css('margin-top'), 10) + 100;if(is_form){jQuery('#gform_wrapper_2').html(form_content.html());if(form_content.hasClass('gform_validation_error')){jQuery('#gform_wrapper_2').addClass('gform_validation_error');} else {jQuery('#gform_wrapper_2').removeClass('gform_validation_error');}setTimeout( function() { \/* delay the scroll by 50 milliseconds to fix a bug in chrome *\/  }, 50 );if(window['gformInitDatepicker']) {gformInitDatepicker();}if(window['gformInitPriceFields']) {gformInitPriceFields();}var current_page = jQuery('#gform_source_page_number_2').val();gformInitSpinner( 2, 'https:\/\/dev.skrivanekdtp.com\/wp-content\/plugins\/gravityforms\/images\/spinner.svg', true );jQuery(document).trigger('gform_page_loaded', [2, current_page]);window['gf_submitting_2'] = false;}else if(!is_redirect){var confirmation_content = jQuery(this).contents().find('.GF_AJAX_POSTBACK').html();if(!confirmation_content){confirmation_content = contents;}jQuery('#gform_wrapper_2').replaceWith(confirmation_content);jQuery(document).trigger('gform_confirmation_loaded', [2]);window['gf_submitting_2'] = false;wp.a11y.speak(jQuery('#gform_confirmation_message_2').text());}else{jQuery('#gform_2').append(contents);if(window['gformRedirect']) {gformRedirect();}}jQuery(document).trigger(\"gform_pre_post_render\", [{ formId: \"2\", currentPage: \"current_page\", abort: function() { this.preventDefault(); } }]);        if (event && event.defaultPrevented) {                return;        }        const gformWrapperDiv = document.getElementById( \"gform_wrapper_2\" );        if ( gformWrapperDiv ) {            const visibilitySpan = document.createElement( \"span\" );            visibilitySpan.id = \"gform_visibility_test_2\";            gformWrapperDiv.insertAdjacentElement( \"afterend\", visibilitySpan );        }        const visibilityTestDiv = document.getElementById( \"gform_visibility_test_2\" );        let postRenderFired = false;        function triggerPostRender() {            if ( postRenderFired ) {                return;            }            postRenderFired = true;            gform.core.triggerPostRenderEvents( 2, current_page );            if ( visibilityTestDiv ) {                visibilityTestDiv.parentNode.removeChild( visibilityTestDiv );            }        }        function debounce( func, wait, immediate ) {            var timeout;            return function() {                var context = this, args = arguments;                var later = function() {                    timeout = null;                    if ( !immediate ) func.apply( context, args );                };                var callNow = immediate && !timeout;                clearTimeout( timeout );                timeout = setTimeout( later, wait );                if ( callNow ) func.apply( context, args );            };        }        const debouncedTriggerPostRender = debounce( function() {            triggerPostRender();        }, 200 );        if ( visibilityTestDiv && visibilityTestDiv.offsetParent === null ) {            const observer = new MutationObserver( ( mutations ) => {                mutations.forEach( ( mutation ) => {                    if ( mutation.type === 'attributes' && visibilityTestDiv.offsetParent !== null ) {                        debouncedTriggerPostRender();                        observer.disconnect();                    }                });            });            observer.observe( document.body, {                attributes: true,                childList: false,                subtree: true,                attributeFilter: [ 'style', 'class' ],            });        } else {            triggerPostRender();        }    } );} ); \n\/* ]]> *\/\n<\/script>\n<\/div><\/div><\/div><\/div><div id=\"pg-58628-1\"  class=\"panel-grid panel-has-style\" ><div class=\"panel-row-padding-none panel-row-style panel-row-style-for-58628-1\" ><div id=\"pgc-58628-1-0\"  class=\"panel-grid-cell\" ><div id=\"panel-58628-1-0-0\" class=\"widget_text so-panel widget widget_custom_html panel-first-child panel-last-child\" data-index=\"1\" ><h3 class=\"widget-title\">Chcete n\u00e1s nav\u0161t\u00edvit? Zde najdete seznam na\u0161ich pobo\u010dek v \u010cesk\u00e9 republice.<\/h3><div class=\"textwidget custom-html-widget\"><div class=\"skrv-google-map\">\n\n          <div class=\"googlemap-container\">\n\n            <div class=\"gm-spinner-wrapper\">\n              <div class=\"spinner-border\" role=\"status\">\n                <span class=\"sr-only\">Loading...<\/span>\n              <\/div>\n            <\/div><!-- #spinner -->\n\n            <div id=\"gm-venues\" class=\"container googlemap-inner\"><\/div>\n\n          <\/div>\n\n    \t\t<\/div><!-- #google map --><\/div><\/div><\/div><\/div><\/div><\/div>","protected":false},"excerpt":{"rendered":"<p>M\u00e1te dotazy? Napi\u0161te n\u00e1m! Va\u0161e jm\u00e9no a p\u0159\u00edjmen\u00ed*Spole\u010dnostE-mail* Telefonn\u00ed \u010d\u00edslo*M\u00edsto pro v\u00e1\u0161 dotaz*Attach file Drop files here or Select files Accepted file types: txt, rtf, odf, pdf, doc, docx, ppt, pptx, xls, xlsx, xml, zip, Max. file size: 32 MB, Max. files: 10. Obchodn\u00ed podm\u00ednky spole\u010dnosti Zpracov\u00e1n\u00ed a ochrana osobn\u00edch \u00fadaj\u016f* Souhlas\u00edm s obchodn\u00edmi podm\u00ednkami [&hellip;]<\/p>\n","protected":false},"author":4,"featured_media":0,"parent":0,"menu_order":0,"comment_status":"closed","ping_status":"closed","template":"template-parts\/page-template__contact.php","meta":{"_acf_changed":false,"footnotes":""},"class_list":["post-58628","page","type-page","status-publish","hentry"],"acf":[],"_links":{"self":[{"href":"https:\/\/dev.skrivanekdtp.com\/cs\/wp-json\/wp\/v2\/pages\/58628","targetHints":{"allow":["GET"]}}],"collection":[{"href":"https:\/\/dev.skrivanekdtp.com\/cs\/wp-json\/wp\/v2\/pages"}],"about":[{"href":"https:\/\/dev.skrivanekdtp.com\/cs\/wp-json\/wp\/v2\/types\/page"}],"author":[{"embeddable":true,"href":"https:\/\/dev.skrivanekdtp.com\/cs\/wp-json\/wp\/v2\/users\/4"}],"replies":[{"embeddable":true,"href":"https:\/\/dev.skrivanekdtp.com\/cs\/wp-json\/wp\/v2\/comments?post=58628"}],"version-history":[{"count":4,"href":"https:\/\/dev.skrivanekdtp.com\/cs\/wp-json\/wp\/v2\/pages\/58628\/revisions"}],"predecessor-version":[{"id":59546,"href":"https:\/\/dev.skrivanekdtp.com\/cs\/wp-json\/wp\/v2\/pages\/58628\/revisions\/59546"}],"wp:attachment":[{"href":"https:\/\/dev.skrivanekdtp.com\/cs\/wp-json\/wp\/v2\/media?parent=58628"}],"curies":[{"name":"wp","href":"https:\/\/api.w.org\/{rel}","templated":true}]}}